{"id":749,"date":"2016-02-11T09:05:04","date_gmt":"2016-02-11T08:05:04","guid":{"rendered":"http:\/\/compagniemarizibill.fr\/agenda\/"},"modified":"2020-04-27T15:22:12","modified_gmt":"2020-04-27T14:22:12","slug":"calendar","status":"publish","type":"page","link":"https:\/\/compagniemarizibill.fr\/en\/calendar\/","title":{"rendered":"marizibill on tour"},"content":{"rendered":"<p><span style=\"font-size: 18px;\"><span style=\"font-size: 16px;\">\u00a0<\/span><\/span><\/p>\n<hr \/>\n<p style=\"text-align: center;\"><div class=\"simcal-calendar simcal-default-calendar simcal-default-calendar-grid simcal-default-calendar-light\" data-calendar-id=\"757\" data-timezone=\"Europe\/Paris\" data-offset=\"7200\" data-week-start=\"1\" data-calendar-start=\"1776204000\" data-calendar-end=\"1780178341\" data-events-first=\"1745704859\" data-events-last=\"1780178341\">\n\t\t\t\n            <table class=\"simcal-calendar-grid\"\n                   data-event-bubble-trigger=\"click\">\n                <thead class=\"simcal-calendar-head\">\n                <tr>\n\t\t\t\t\t                        <th class=\"simcal-nav simcal-prev-wrapper\" colspan=\"1\">\n                            <button class=\"simcal-nav-button simcal-month-nav simcal-prev\" title=\"Previous Month\"><i class=\"simcal-icon-left\"><\/i><\/button>\n                        <\/th>\n\t\t\t\t\t                    <th colspan=\"5\"\n                        class=\"simcal-nav simcal-current\"\n                        data-calendar-current=\"1776204000\">\n\t\t\t\t\t\t<h3> <span class=\"simcal-current-month\">April<\/span>  <span class=\"simcal-current-year\">2026<\/span> <\/h3>                    <\/th>\n\t\t\t\t\t                        <th class=\"simcal-nav simcal-next-wrapper\" colspan=\"1\">\n                            <button class=\"simcal-nav-button simcal-month-nav simcal-next\" title=\"Next Month\"><i class=\"simcal-icon-right\"><\/i><\/button>\n                        <\/th>\n\t\t\t\t\t                <\/tr>\n                <tr>\n\t\t\t\t\t                        <th class=\"simcal-week-day simcal-week-day-1\"\n                            data-screen-small=\"M\"\n                            data-screen-medium=\"Mon\"\n                            data-screen-large=\"Monday\">Mon<\/th>\n\t\t\t\t\t\t                        <th class=\"simcal-week-day simcal-week-day-2\"\n                            data-screen-small=\"T\"\n                            data-screen-medium=\"Tue\"\n                            data-screen-large=\"Tuesday\">Tue<\/th>\n\t\t\t\t\t\t                        <th class=\"simcal-week-day simcal-week-day-3\"\n                            data-screen-small=\"W\"\n                            data-screen-medium=\"Wed\"\n                            data-screen-large=\"Wednesday\">Wed<\/th>\n\t\t\t\t\t\t                        <th class=\"simcal-week-day simcal-week-day-4\"\n                            data-screen-small=\"T\"\n                            data-screen-medium=\"Thu\"\n                            data-screen-large=\"Thursday\">Thu<\/th>\n\t\t\t\t\t\t                        <th class=\"simcal-week-day simcal-week-day-5\"\n                            data-screen-small=\"F\"\n                            data-screen-medium=\"Fri\"\n                            data-screen-large=\"Friday\">Fri<\/th>\n\t\t\t\t\t\t                        <th class=\"simcal-week-day simcal-week-day-6\"\n                            data-screen-small=\"S\"\n                            data-screen-medium=\"Sat\"\n                            data-screen-large=\"Saturday\">Sat<\/th>\n\t\t\t\t\t\t                            <th class=\"simcal-week-day simcal-week-day-0\"\n                                data-screen-small=\"S\"\n                                data-screen-medium=\"Sun\"\n                                data-screen-large=\"Sunday\">Sun<\/th>\n\t\t\t\t\t\t\t                <\/tr>\n                <\/thead>\n\n\t\t\t\t<tbody class=\"simcal-month simcal-month-4\">\n\t<tr class=\"simcal-week simcal-week-14\"><td class=\"simcal-day simcal-day-void \"><\/td>\n<td class=\"simcal-day simcal-day-void simcal-day-void-last\"><\/td>\n<td class=\"simcal-day-1 simcal-weekday-3 simcal-past simcal-day\" data-events-count=\"0\">\n\t<div>\n\t\t<span class=\"simcal-day-label simcal-day-number\">1<\/span>\n\t\t<span class=\"simcal-no-events\"><\/span>\n\t\t<span class=\"simcal-events-dots\" style=\"display: none;\"><\/span>\n\t<\/div>\n<\/td>\n<td class=\"simcal-day-2 simcal-weekday-4 simcal-past simcal-day\" data-events-count=\"0\">\n\t<div>\n\t\t<span class=\"simcal-day-label simcal-day-number\">2<\/span>\n\t\t<span class=\"simcal-no-events\"><\/span>\n\t\t<span class=\"simcal-events-dots\" style=\"display: none;\"><\/span>\n\t<\/div>\n<\/td>\n<td class=\"simcal-day-3 simcal-weekday-5 simcal-past simcal-day\" data-events-count=\"0\">\n\t<div>\n\t\t<span class=\"simcal-day-label simcal-day-number\">3<\/span>\n\t\t<span class=\"simcal-no-events\"><\/span>\n\t\t<span class=\"simcal-events-dots\" style=\"display: none;\"><\/span>\n\t<\/div>\n<\/td>\n<td class=\"simcal-day-4 simcal-weekday-6 simcal-past simcal-day\" data-events-count=\"0\">\n\t<div>\n\t\t<span class=\"simcal-day-label simcal-day-number\">4<\/span>\n\t\t<span class=\"simcal-no-events\"><\/span>\n\t\t<span class=\"simcal-events-dots\" style=\"display: none;\"><\/span>\n\t<\/div>\n<\/td>\n<td class=\"simcal-day-5 simcal-weekday-0 simcal-past simcal-day\" data-events-count=\"0\">\n\t<div>\n\t\t<span class=\"simcal-day-label simcal-day-number\">5<\/span>\n\t\t<span class=\"simcal-no-events\"><\/span>\n\t\t<span class=\"simcal-events-dots\" style=\"display: none;\"><\/span>\n\t<\/div>\n<\/td>\n<\/tr><tr class=\"simcal-week simcal-week-14\">\n<td class=\"simcal-day-6 simcal-weekday-1 simcal-past simcal-day\" data-events-count=\"0\">\n\t<div>\n\t\t<span class=\"simcal-day-label simcal-day-number\">6<\/span>\n\t\t<span class=\"simcal-no-events\"><\/span>\n\t\t<span class=\"simcal-events-dots\" style=\"display: none;\"><\/span>\n\t<\/div>\n<\/td>\n<td class=\"simcal-day-7 simcal-weekday-2 simcal-past simcal-day\" data-events-count=\"0\">\n\t<div>\n\t\t<span class=\"simcal-day-label simcal-day-number\">7<\/span>\n\t\t<span class=\"simcal-no-events\"><\/span>\n\t\t<span class=\"simcal-events-dots\" style=\"display: none;\"><\/span>\n\t<\/div>\n<\/td>\n<td class=\"simcal-day-8 simcal-weekday-3 simcal-past simcal-day\" data-events-count=\"0\">\n\t<div>\n\t\t<span class=\"simcal-day-label simcal-day-number\">8<\/span>\n\t\t<span class=\"simcal-no-events\"><\/span>\n\t\t<span class=\"simcal-events-dots\" style=\"display: none;\"><\/span>\n\t<\/div>\n<\/td>\n<td class=\"simcal-day-9 simcal-weekday-4 simcal-past simcal-day simcal-day-has-events simcal-day-has-1-events simcal-events-calendar-757\" data-events-count=\"1\">\n\t<div>\n\t\t<span class=\"simcal-day-label simcal-day-number\" style=\"background-color: #000000; color: #ffffff\">9<\/span>\n\t\t<ul class=\"simcal-events\">\t<li class=\"simcal-event simcal-event-has-location simcal-events-calendar-757 simcal-tooltip\" itemscope itemtype=\"http:\/\/schema.org\/Event\">\n\t\t<span class=\"simcal-event-title\">&quot;Rumba&quot; - ST-QUENTIN (02) - 10h, 14h15<\/span>\n\t\t<div class=\"simcal-event-details simcal-tooltip-content\" style=\"display: none;\"><p><strong><span class=\"simcal-event-title\" itemprop=\"name\">&quot;Rumba&quot; - ST-QUENTIN (02) - 10h, 14h15<\/span><\/strong><\/p>\n<p><span class=\"simcal-event-start simcal-event-start-date\" data-event-start=\"1775685659\" data-event-format=\"j F Y\" itemprop=\"startDate\" content=\"2026-04-09T00:00:59+02:00\">9 April 2026<\/span>\n <span class=\"simcal-event-address simcal-event-start-location\" itemprop=\"location\" itemscope itemtype=\"http:\/\/schema.org\/Place\"><meta itemprop=\"name\" content=\"Th\u00e9\u00e2tre Jean Vilar, 16 Pl. de l&#039;H\u00f4tel de ville, 02100 Saint-Quentin, France\" \/><meta itemprop=\"address\" content=\"Th\u00e9\u00e2tre Jean Vilar, 16 Pl. de l&#039;H\u00f4tel de ville, 02100 Saint-Quentin, France\" \/>Th\u00e9\u00e2tre Jean Vilar, 16 Pl. de l&#039;H\u00f4tel de ville, 02100 Saint-Quentin, France<\/span><\/p>\n<div><div class=\"simcal-event-description\" itemprop=\"description\"><p><a href=\"https:\/\/www.saint-quentin.fr\/112-theatre.htm\">https:\/\/www.saint-quentin.fr\/112-theatre.htm<\/a><\/p>\n<\/div><\/div><\/div>\n\t<\/li>\n<\/ul>\n\n\t\t<span class=\"simcal-events-dots\" style=\"display: none;\"><b style=\"color: #000;\"> &bull; <\/b><\/span>\n\t<\/div>\n<\/td>\n<td class=\"simcal-day-10 simcal-weekday-5 simcal-past simcal-day simcal-day-has-events simcal-day-has-1-events simcal-events-calendar-757\" data-events-count=\"1\">\n\t<div>\n\t\t<span class=\"simcal-day-label simcal-day-number\" style=\"background-color: #000000; color: #ffffff\">10<\/span>\n\t\t<ul class=\"simcal-events\">\t<li class=\"simcal-event simcal-event-has-location simcal-events-calendar-757 simcal-tooltip\" itemscope itemtype=\"http:\/\/schema.org\/Event\">\n\t\t<span class=\"simcal-event-title\">&quot;Rumba&quot; - ST-QUENTIN (02) - 10h, 14h15<\/span>\n\t\t<div class=\"simcal-event-details simcal-tooltip-content\" style=\"display: none;\"><p><strong><span class=\"simcal-event-title\" itemprop=\"name\">&quot;Rumba&quot; - ST-QUENTIN (02) - 10h, 14h15<\/span><\/strong><\/p>\n<p><span class=\"simcal-event-start simcal-event-start-date\" data-event-start=\"1775772059\" data-event-format=\"j F Y\" itemprop=\"startDate\" content=\"2026-04-10T00:00:59+02:00\">10 April 2026<\/span>\n <span class=\"simcal-event-address simcal-event-start-location\" itemprop=\"location\" itemscope itemtype=\"http:\/\/schema.org\/Place\"><meta itemprop=\"name\" content=\"Th\u00e9\u00e2tre Jean Vilar, 16 Pl. de l&#039;H\u00f4tel de ville, 02100 Saint-Quentin, France\" \/><meta itemprop=\"address\" content=\"Th\u00e9\u00e2tre Jean Vilar, 16 Pl. de l&#039;H\u00f4tel de ville, 02100 Saint-Quentin, France\" \/>Th\u00e9\u00e2tre Jean Vilar, 16 Pl. de l&#039;H\u00f4tel de ville, 02100 Saint-Quentin, France<\/span><\/p>\n<div><div class=\"simcal-event-description\" itemprop=\"description\"><p><a href=\"https:\/\/www.google.com\/url?q=https:\/\/www.saint-quentin.fr\/112-theatre.htm&amp;sa=D&amp;source=calendar&amp;usd=2&amp;usg=AOvVaw2QaIR7Ihyu5aC2uhmPPven\" target=\"_blank\">https:\/\/www.saint-quentin.fr\/112-theatre.htm<\/a><\/p>\n<\/div><\/div><\/div>\n\t<\/li>\n<\/ul>\n\n\t\t<span class=\"simcal-events-dots\" style=\"display: none;\"><b style=\"color: #000;\"> &bull; <\/b><\/span>\n\t<\/div>\n<\/td>\n<td class=\"simcal-day-11 simcal-weekday-6 simcal-past simcal-day\" data-events-count=\"0\">\n\t<div>\n\t\t<span class=\"simcal-day-label simcal-day-number\">11<\/span>\n\t\t<span class=\"simcal-no-events\"><\/span>\n\t\t<span class=\"simcal-events-dots\" style=\"display: none;\"><\/span>\n\t<\/div>\n<\/td>\n<td class=\"simcal-day-12 simcal-weekday-0 simcal-past simcal-day\" data-events-count=\"0\">\n\t<div>\n\t\t<span class=\"simcal-day-label simcal-day-number\">12<\/span>\n\t\t<span class=\"simcal-no-events\"><\/span>\n\t\t<span class=\"simcal-events-dots\" style=\"display: none;\"><\/span>\n\t<\/div>\n<\/td>\n<\/tr><tr class=\"simcal-week simcal-week-15\">\n<td class=\"simcal-day-13 simcal-weekday-1 simcal-past simcal-day\" data-events-count=\"0\">\n\t<div>\n\t\t<span class=\"simcal-day-label simcal-day-number\">13<\/span>\n\t\t<span class=\"simcal-no-events\"><\/span>\n\t\t<span class=\"simcal-events-dots\" style=\"display: none;\"><\/span>\n\t<\/div>\n<\/td>\n<td class=\"simcal-day-14 simcal-weekday-2 simcal-past simcal-day\" data-events-count=\"0\">\n\t<div>\n\t\t<span class=\"simcal-day-label simcal-day-number\">14<\/span>\n\t\t<span class=\"simcal-no-events\"><\/span>\n\t\t<span class=\"simcal-events-dots\" style=\"display: none;\"><\/span>\n\t<\/div>\n<\/td>\n<td class=\"simcal-day-15 simcal-weekday-3 simcal-today simcal-present simcal-day\" data-events-count=\"0\">\n\t<div style=\"border: 1px solid #64697a;\">\n\t\t<span class=\"simcal-day-label simcal-day-number\" style=\"background-color: #64697a; color: #ffffff\">15<\/span>\n\t\t<span class=\"simcal-no-events\"><\/span>\n\t\t<span class=\"simcal-events-dots\" style=\"display: none;\"><\/span>\n\t<\/div>\n<\/td>\n<td class=\"simcal-day-16 simcal-weekday-4 simcal-future simcal-day\" data-events-count=\"0\">\n\t<div>\n\t\t<span class=\"simcal-day-label simcal-day-number\">16<\/span>\n\t\t<span class=\"simcal-no-events\"><\/span>\n\t\t<span class=\"simcal-events-dots\" style=\"display: none;\"><\/span>\n\t<\/div>\n<\/td>\n<td class=\"simcal-day-17 simcal-weekday-5 simcal-future simcal-day\" data-events-count=\"0\">\n\t<div>\n\t\t<span class=\"simcal-day-label simcal-day-number\">17<\/span>\n\t\t<span class=\"simcal-no-events\"><\/span>\n\t\t<span class=\"simcal-events-dots\" style=\"display: none;\"><\/span>\n\t<\/div>\n<\/td>\n<td class=\"simcal-day-18 simcal-weekday-6 simcal-future simcal-day\" data-events-count=\"0\">\n\t<div>\n\t\t<span class=\"simcal-day-label simcal-day-number\">18<\/span>\n\t\t<span class=\"simcal-no-events\"><\/span>\n\t\t<span class=\"simcal-events-dots\" style=\"display: none;\"><\/span>\n\t<\/div>\n<\/td>\n<td class=\"simcal-day-19 simcal-weekday-0 simcal-future simcal-day\" data-events-count=\"0\">\n\t<div>\n\t\t<span class=\"simcal-day-label simcal-day-number\">19<\/span>\n\t\t<span class=\"simcal-no-events\"><\/span>\n\t\t<span class=\"simcal-events-dots\" style=\"display: none;\"><\/span>\n\t<\/div>\n<\/td>\n<\/tr><tr class=\"simcal-week simcal-week-16\">\n<td class=\"simcal-day-20 simcal-weekday-1 simcal-future simcal-day\" data-events-count=\"0\">\n\t<div>\n\t\t<span class=\"simcal-day-label simcal-day-number\">20<\/span>\n\t\t<span class=\"simcal-no-events\"><\/span>\n\t\t<span class=\"simcal-events-dots\" style=\"display: none;\"><\/span>\n\t<\/div>\n<\/td>\n<td class=\"simcal-day-21 simcal-weekday-2 simcal-future simcal-day\" data-events-count=\"0\">\n\t<div>\n\t\t<span class=\"simcal-day-label simcal-day-number\">21<\/span>\n\t\t<span class=\"simcal-no-events\"><\/span>\n\t\t<span class=\"simcal-events-dots\" style=\"display: none;\"><\/span>\n\t<\/div>\n<\/td>\n<td class=\"simcal-day-22 simcal-weekday-3 simcal-future simcal-day\" data-events-count=\"0\">\n\t<div>\n\t\t<span class=\"simcal-day-label simcal-day-number\">22<\/span>\n\t\t<span class=\"simcal-no-events\"><\/span>\n\t\t<span class=\"simcal-events-dots\" style=\"display: none;\"><\/span>\n\t<\/div>\n<\/td>\n<td class=\"simcal-day-23 simcal-weekday-4 simcal-future simcal-day\" data-events-count=\"0\">\n\t<div>\n\t\t<span class=\"simcal-day-label simcal-day-number\">23<\/span>\n\t\t<span class=\"simcal-no-events\"><\/span>\n\t\t<span class=\"simcal-events-dots\" style=\"display: none;\"><\/span>\n\t<\/div>\n<\/td>\n<td class=\"simcal-day-24 simcal-weekday-5 simcal-future simcal-day\" data-events-count=\"0\">\n\t<div>\n\t\t<span class=\"simcal-day-label simcal-day-number\">24<\/span>\n\t\t<span class=\"simcal-no-events\"><\/span>\n\t\t<span class=\"simcal-events-dots\" style=\"display: none;\"><\/span>\n\t<\/div>\n<\/td>\n<td class=\"simcal-day-25 simcal-weekday-6 simcal-future simcal-day\" data-events-count=\"0\">\n\t<div>\n\t\t<span class=\"simcal-day-label simcal-day-number\">25<\/span>\n\t\t<span class=\"simcal-no-events\"><\/span>\n\t\t<span class=\"simcal-events-dots\" style=\"display: none;\"><\/span>\n\t<\/div>\n<\/td>\n<td class=\"simcal-day-26 simcal-weekday-0 simcal-future simcal-day\" data-events-count=\"0\">\n\t<div>\n\t\t<span class=\"simcal-day-label simcal-day-number\">26<\/span>\n\t\t<span class=\"simcal-no-events\"><\/span>\n\t\t<span class=\"simcal-events-dots\" style=\"display: none;\"><\/span>\n\t<\/div>\n<\/td>\n<\/tr><tr class=\"simcal-week simcal-week-17\">\n<td class=\"simcal-day-27 simcal-weekday-1 simcal-future simcal-day\" data-events-count=\"0\">\n\t<div>\n\t\t<span class=\"simcal-day-label simcal-day-number\">27<\/span>\n\t\t<span class=\"simcal-no-events\"><\/span>\n\t\t<span class=\"simcal-events-dots\" style=\"display: none;\"><\/span>\n\t<\/div>\n<\/td>\n<td class=\"simcal-day-28 simcal-weekday-2 simcal-future simcal-day\" data-events-count=\"0\">\n\t<div>\n\t\t<span class=\"simcal-day-label simcal-day-number\">28<\/span>\n\t\t<span class=\"simcal-no-events\"><\/span>\n\t\t<span class=\"simcal-events-dots\" style=\"display: none;\"><\/span>\n\t<\/div>\n<\/td>\n<td class=\"simcal-day-29 simcal-weekday-3 simcal-future simcal-day\" data-events-count=\"0\">\n\t<div>\n\t\t<span class=\"simcal-day-label simcal-day-number\">29<\/span>\n\t\t<span class=\"simcal-no-events\"><\/span>\n\t\t<span class=\"simcal-events-dots\" style=\"display: none;\"><\/span>\n\t<\/div>\n<\/td>\n<td class=\"simcal-day-30 simcal-weekday-4 simcal-future simcal-day\" data-events-count=\"0\">\n\t<div>\n\t\t<span class=\"simcal-day-label simcal-day-number\">30<\/span>\n\t\t<span class=\"simcal-no-events\"><\/span>\n\t\t<span class=\"simcal-events-dots\" style=\"display: none;\"><\/span>\n\t<\/div>\n<\/td>\n<td class=\"simcal-day simcal-day-void \"><\/td>\n<td class=\"simcal-day simcal-day-void \"><\/td>\n<td class=\"simcal-day simcal-day-void simcal-day-void-last\"><\/td>\n\t<\/tr>\n<\/tbody>\n\t \t\t\t\n            <\/table>\n\n\t\t\t<\/div>\n<hr \/>\n","protected":false},"excerpt":{"rendered":"<p>\u00a0<\/p>\n","protected":false},"author":1,"featured_media":0,"parent":0,"menu_order":0,"comment_status":"closed","ping_status":"closed","template":"","meta":{"footnotes":""},"class_list":["post-749","page","type-page","status-publish","hentry"],"yoast_head":"<!-- This site is optimized with the Yoast SEO plugin v24.3 - https:\/\/yoast.com\/wordpress\/plugins\/seo\/ -->\n<title>marizibill on tour - Compagnie Marizibill<\/title>\n<meta name=\"robots\" content=\"index, follow, max-snippet:-1, max-image-preview:large, max-video-preview:-1\" \/>\n<link rel=\"canonical\" href=\"https:\/\/compagniemarizibill.fr\/en\/calendar\/\" \/>\n<meta property=\"og:locale\" content=\"en_US\" \/>\n<meta property=\"og:type\" content=\"article\" \/>\n<meta property=\"og:title\" content=\"marizibill on tour - Compagnie Marizibill\" \/>\n<meta property=\"og:description\" content=\"\u00a0\" \/>\n<meta property=\"og:url\" content=\"https:\/\/compagniemarizibill.fr\/en\/calendar\/\" \/>\n<meta property=\"og:site_name\" content=\"Compagnie Marizibill\" \/>\n<meta property=\"article:publisher\" content=\"https:\/\/www.facebook.com\/CompagnieMarizibill\" \/>\n<meta property=\"article:modified_time\" content=\"2020-04-27T14:22:12+00:00\" \/>\n<meta name=\"twitter:card\" content=\"summary_large_image\" \/>\n<script type=\"application\/ld+json\" class=\"yoast-schema-graph\">{\"@context\":\"https:\/\/schema.org\",\"@graph\":[{\"@type\":\"WebPage\",\"@id\":\"https:\/\/compagniemarizibill.fr\/en\/calendar\/\",\"url\":\"https:\/\/compagniemarizibill.fr\/en\/calendar\/\",\"name\":\"marizibill on tour - Compagnie Marizibill\",\"isPartOf\":{\"@id\":\"https:\/\/compagniemarizibill.fr\/en\/#website\"},\"datePublished\":\"2016-02-11T08:05:04+00:00\",\"dateModified\":\"2020-04-27T14:22:12+00:00\",\"inLanguage\":\"en-US\",\"potentialAction\":[{\"@type\":\"ReadAction\",\"target\":[\"https:\/\/compagniemarizibill.fr\/en\/calendar\/\"]}]},{\"@type\":\"WebSite\",\"@id\":\"https:\/\/compagniemarizibill.fr\/en\/#website\",\"url\":\"https:\/\/compagniemarizibill.fr\/en\/\",\"name\":\"Compagnie Marizibill\",\"description\":\"Compagnie th\u00e9\u00e2trale, spectacles pour tous les \u00e2ges, dirig\u00e9e par Cyrille Louge\",\"potentialAction\":[{\"@type\":\"SearchAction\",\"target\":{\"@type\":\"EntryPoint\",\"urlTemplate\":\"https:\/\/compagniemarizibill.fr\/en\/?s={search_term_string}\"},\"query-input\":{\"@type\":\"PropertyValueSpecification\",\"valueRequired\":true,\"valueName\":\"search_term_string\"}}],\"inLanguage\":\"en-US\"}]}<\/script>\n<!-- \/ Yoast SEO plugin. -->","yoast_head_json":{"title":"marizibill on tour - Compagnie Marizibill","robots":{"index":"index","follow":"follow","max-snippet":"max-snippet:-1","max-image-preview":"max-image-preview:large","max-video-preview":"max-video-preview:-1"},"canonical":"https:\/\/compagniemarizibill.fr\/en\/calendar\/","og_locale":"en_US","og_type":"article","og_title":"marizibill on tour - Compagnie Marizibill","og_description":"\u00a0","og_url":"https:\/\/compagniemarizibill.fr\/en\/calendar\/","og_site_name":"Compagnie Marizibill","article_publisher":"https:\/\/www.facebook.com\/CompagnieMarizibill","article_modified_time":"2020-04-27T14:22:12+00:00","twitter_card":"summary_large_image","schema":{"@context":"https:\/\/schema.org","@graph":[{"@type":"WebPage","@id":"https:\/\/compagniemarizibill.fr\/en\/calendar\/","url":"https:\/\/compagniemarizibill.fr\/en\/calendar\/","name":"marizibill on tour - Compagnie Marizibill","isPartOf":{"@id":"https:\/\/compagniemarizibill.fr\/en\/#website"},"datePublished":"2016-02-11T08:05:04+00:00","dateModified":"2020-04-27T14:22:12+00:00","inLanguage":"en-US","potentialAction":[{"@type":"ReadAction","target":["https:\/\/compagniemarizibill.fr\/en\/calendar\/"]}]},{"@type":"WebSite","@id":"https:\/\/compagniemarizibill.fr\/en\/#website","url":"https:\/\/compagniemarizibill.fr\/en\/","name":"Compagnie Marizibill","description":"Compagnie th\u00e9\u00e2trale, spectacles pour tous les \u00e2ges, dirig\u00e9e par Cyrille Louge","potentialAction":[{"@type":"SearchAction","target":{"@type":"EntryPoint","urlTemplate":"https:\/\/compagniemarizibill.fr\/en\/?s={search_term_string}"},"query-input":{"@type":"PropertyValueSpecification","valueRequired":true,"valueName":"search_term_string"}}],"inLanguage":"en-US"}]}},"_links":{"self":[{"href":"https:\/\/compagniemarizibill.fr\/en\/wp-json\/wp\/v2\/pages\/749","targetHints":{"allow":["GET"]}}],"collection":[{"href":"https:\/\/compagniemarizibill.fr\/en\/wp-json\/wp\/v2\/pages"}],"about":[{"href":"https:\/\/compagniemarizibill.fr\/en\/wp-json\/wp\/v2\/types\/page"}],"author":[{"embeddable":true,"href":"https:\/\/compagniemarizibill.fr\/en\/wp-json\/wp\/v2\/users\/1"}],"replies":[{"embeddable":true,"href":"https:\/\/compagniemarizibill.fr\/en\/wp-json\/wp\/v2\/comments?post=749"}],"version-history":[{"count":8,"href":"https:\/\/compagniemarizibill.fr\/en\/wp-json\/wp\/v2\/pages\/749\/revisions"}],"predecessor-version":[{"id":1021,"href":"https:\/\/compagniemarizibill.fr\/en\/wp-json\/wp\/v2\/pages\/749\/revisions\/1021"}],"wp:attachment":[{"href":"https:\/\/compagniemarizibill.fr\/en\/wp-json\/wp\/v2\/media?parent=749"}],"curies":[{"name":"wp","href":"https:\/\/api.w.org\/{rel}","templated":true}]}}