{"id":743,"date":"2016-02-11T08:52:13","date_gmt":"2016-02-11T07:52:13","guid":{"rendered":"http:\/\/compagniemarizibill.fr\/tous-les-spectacles\/"},"modified":"2017-12-01T15:57:57","modified_gmt":"2017-12-01T14:57:57","slug":"productions","status":"publish","type":"page","link":"https:\/\/compagniemarizibill.fr\/en\/productions\/","title":{"rendered":"productions"},"content":{"rendered":"","protected":false},"excerpt":{"rendered":"","protected":false},"author":1,"featured_media":0,"parent":0,"menu_order":0,"comment_status":"closed","ping_status":"closed","template":"template-works.php","meta":{"footnotes":""},"class_list":["post-743","page","type-page","status-publish","hentry"],"yoast_head":"<!-- This site is optimized with the Yoast SEO plugin v24.3 - https:\/\/yoast.com\/wordpress\/plugins\/seo\/ -->\n<title>productions - Compagnie Marizibill<\/title>\n<meta name=\"robots\" content=\"index, follow, max-snippet:-1, max-image-preview:large, max-video-preview:-1\" \/>\n<link rel=\"canonical\" href=\"https:\/\/compagniemarizibill.fr\/en\/productions\/\" \/>\n<meta property=\"og:locale\" content=\"en_US\" \/>\n<meta property=\"og:type\" content=\"article\" \/>\n<meta property=\"og:title\" content=\"productions - Compagnie Marizibill\" \/>\n<meta property=\"og:url\" content=\"https:\/\/compagniemarizibill.fr\/en\/productions\/\" \/>\n<meta property=\"og:site_name\" content=\"Compagnie Marizibill\" \/>\n<meta property=\"article:publisher\" content=\"https:\/\/www.facebook.com\/CompagnieMarizibill\" \/>\n<meta property=\"article:modified_time\" content=\"2017-12-01T14:57:57+00:00\" \/>\n<meta name=\"twitter:card\" content=\"summary_large_image\" \/>\n<script type=\"application\/ld+json\" class=\"yoast-schema-graph\">{\"@context\":\"https:\/\/schema.org\",\"@graph\":[{\"@type\":\"WebPage\",\"@id\":\"https:\/\/compagniemarizibill.fr\/en\/productions\/\",\"url\":\"https:\/\/compagniemarizibill.fr\/en\/productions\/\",\"name\":\"productions - Compagnie Marizibill\",\"isPartOf\":{\"@id\":\"https:\/\/compagniemarizibill.fr\/en\/#website\"},\"datePublished\":\"2016-02-11T07:52:13+00:00\",\"dateModified\":\"2017-12-01T14:57:57+00:00\",\"inLanguage\":\"en-US\",\"potentialAction\":[{\"@type\":\"ReadAction\",\"target\":[\"https:\/\/compagniemarizibill.fr\/en\/productions\/\"]}]},{\"@type\":\"WebSite\",\"@id\":\"https:\/\/compagniemarizibill.fr\/en\/#website\",\"url\":\"https:\/\/compagniemarizibill.fr\/en\/\",\"name\":\"Compagnie Marizibill\",\"description\":\"Compagnie th\u00e9\u00e2trale, spectacles pour tous les \u00e2ges, dirig\u00e9e par Cyrille Louge\",\"potentialAction\":[{\"@type\":\"SearchAction\",\"target\":{\"@type\":\"EntryPoint\",\"urlTemplate\":\"https:\/\/compagniemarizibill.fr\/en\/?s={search_term_string}\"},\"query-input\":{\"@type\":\"PropertyValueSpecification\",\"valueRequired\":true,\"valueName\":\"search_term_string\"}}],\"inLanguage\":\"en-US\"}]}<\/script>\n<!-- \/ Yoast SEO plugin. -->","yoast_head_json":{"title":"productions - Compagnie Marizibill","robots":{"index":"index","follow":"follow","max-snippet":"max-snippet:-1","max-image-preview":"max-image-preview:large","max-video-preview":"max-video-preview:-1"},"canonical":"https:\/\/compagniemarizibill.fr\/en\/productions\/","og_locale":"en_US","og_type":"article","og_title":"productions - Compagnie Marizibill","og_url":"https:\/\/compagniemarizibill.fr\/en\/productions\/","og_site_name":"Compagnie Marizibill","article_publisher":"https:\/\/www.facebook.com\/CompagnieMarizibill","article_modified_time":"2017-12-01T14:57:57+00:00","twitter_card":"summary_large_image","schema":{"@context":"https:\/\/schema.org","@graph":[{"@type":"WebPage","@id":"https:\/\/compagniemarizibill.fr\/en\/productions\/","url":"https:\/\/compagniemarizibill.fr\/en\/productions\/","name":"productions - Compagnie Marizibill","isPartOf":{"@id":"https:\/\/compagniemarizibill.fr\/en\/#website"},"datePublished":"2016-02-11T07:52:13+00:00","dateModified":"2017-12-01T14:57:57+00:00","inLanguage":"en-US","potentialAction":[{"@type":"ReadAction","target":["https:\/\/compagniemarizibill.fr\/en\/productions\/"]}]},{"@type":"WebSite","@id":"https:\/\/compagniemarizibill.fr\/en\/#website","url":"https:\/\/compagniemarizibill.fr\/en\/","name":"Compagnie Marizibill","description":"Compagnie th\u00e9\u00e2trale, spectacles pour tous les \u00e2ges, dirig\u00e9e par Cyrille Louge","potentialAction":[{"@type":"SearchAction","target":{"@type":"EntryPoint","urlTemplate":"https:\/\/compagniemarizibill.fr\/en\/?s={search_term_string}"},"query-input":{"@type":"PropertyValueSpecification","valueRequired":true,"valueName":"search_term_string"}}],"inLanguage":"en-US"}]}},"_links":{"self":[{"href":"https:\/\/compagniemarizibill.fr\/en\/wp-json\/wp\/v2\/pages\/743","targetHints":{"allow":["GET"]}}],"collection":[{"href":"https:\/\/compagniemarizibill.fr\/en\/wp-json\/wp\/v2\/pages"}],"about":[{"href":"https:\/\/compagniemarizibill.fr\/en\/wp-json\/wp\/v2\/types\/page"}],"author":[{"embeddable":true,"href":"https:\/\/compagniemarizibill.fr\/en\/wp-json\/wp\/v2\/users\/1"}],"replies":[{"embeddable":true,"href":"https:\/\/compagniemarizibill.fr\/en\/wp-json\/wp\/v2\/comments?post=743"}],"version-history":[{"count":2,"href":"https:\/\/compagniemarizibill.fr\/en\/wp-json\/wp\/v2\/pages\/743\/revisions"}],"predecessor-version":[{"id":803,"href":"https:\/\/compagniemarizibill.fr\/en\/wp-json\/wp\/v2\/pages\/743\/revisions\/803"}],"wp:attachment":[{"href":"https:\/\/compagniemarizibill.fr\/en\/wp-json\/wp\/v2\/media?parent=743"}],"curies":[{"name":"wp","href":"https:\/\/api.w.org\/{rel}","templated":true}]}}