{"id":1107,"date":"2020-04-28T17:08:48","date_gmt":"2020-04-28T16:08:48","guid":{"rendered":"http:\/\/compagniemarizibill.fr\/?page_id=1107"},"modified":"2020-04-30T11:18:34","modified_gmt":"2020-04-30T10:18:34","slug":"the-company","status":"publish","type":"page","link":"https:\/\/compagniemarizibill.fr\/en\/the-company\/","title":{"rendered":"the company"},"content":{"rendered":"\r\n<div class=\"wp-block-image\">\r\n<figure class=\"aligncenter\"><img loading=\"lazy\" decoding=\"async\" width=\"517\" height=\"291\" class=\"wp-image-295\" src=\"http:\/\/compagniemarizibill.fr\/wp-content\/uploads\/2016\/02\/compagnie_compagnie.png\" alt=\"\" \/>\r\n<figcaption><br \/><br \/><strong>The Company<br \/><\/strong><br \/>Since its creation in 2006, the <strong>Compagnie Marizibill<\/strong> has been exploring the idea of difference, handicap and the complexity of being, examining these ideas through formal methods of contemporary dramaturgy, using non-theatrical materials. With an emphasis on choreography and a close relationship with music, the company seeks to transcend traditional limits and genres by mixing disciplines and tools: especially puppets (particularly in their relationship to the actor), video projection and a sort of dance-theater.<br \/><br \/>The company is based in France, in Fontenay-sous-Bois (Ile-de-France region) with Cyrille Louge, artistic director, and Francesca Testi, puppet designer.<br \/><br \/>In its creations, the troupe studies the many levels on which plays can be enjoyed, and champions a holistic and rigorous approach to children\u2019s theater that also appeals to adults.<br \/><em>Rumba sur la lune (Rumba on the Moon)<\/em>, created in 2011, received the <em>prix du public<\/em> (puppet category) at the Avignon Theater Festival. In June 2014, the Institut Fran\u00e7ais of China invited the show to its <em>Croisements<\/em> Festival for performances in Tianjin, Peking and Shenzhen.<br \/><em>La petite casserole d\u2019Anatole (Anatole\u2019s Little Saucepan)<\/em>, based on the book by Isabelle Carrier (Ed. Bilboquet), has been on tour since July 2015 throughout France and abroad (China 2016 and 2017).<br \/><br \/><br \/><a href=\"https:\/\/www.facebook.com\/CompagnieMarizibill\/\" target=\"_blank\" rel=\"noopener noreferrer\"><img loading=\"lazy\" decoding=\"async\" class=\"alignnone wp-image-1162\" src=\"http:\/\/compagniemarizibill.fr\/wp-content\/uploads\/2020\/04\/Facebook-icon-50.jpg\" alt=\"\" width=\"35\" height=\"35\" \/><\/a> \u00a0<a href=\"https:\/\/www.instagram.com\/cie_marizibill\/\" target=\"_blank\" rel=\"noopener noreferrer\"><img loading=\"lazy\" decoding=\"async\" class=\"alignnone wp-image-1164\" src=\"http:\/\/compagniemarizibill.fr\/wp-content\/uploads\/2020\/04\/instagram-icon-50.png\" alt=\"\" width=\"35\" height=\"35\" \/>\u00a0<\/a> <a href=\"https:\/\/vimeo.com\/compagniemarizibill\" target=\"_blank\" rel=\"noopener noreferrer\"><img loading=\"lazy\" decoding=\"async\" class=\"alignnone wp-image-1166\" src=\"http:\/\/compagniemarizibill.fr\/wp-content\/uploads\/2020\/04\/vimeo-icon-50.png\" alt=\"\" width=\"35\" height=\"35\" \/><\/a><br \/><br \/><br \/><\/figcaption>\r\n<\/figure>\r\n<\/div>\r\n\r\n<div class=\"wp-block-image\">\r\n<figure class=\"aligncenter size-large\"><img loading=\"lazy\" decoding=\"async\" width=\"40\" height=\"43\" class=\"wp-image-234 aligncenter\" src=\"http:\/\/compagniemarizibill.fr\/wp-content\/uploads\/2016\/02\/spearateur.png\" alt=\"\" \/>\r\n<p>&nbsp;<\/p>\r\n<\/figure>\r\n<\/div>\r\n\r\n<div class=\"wp-block-columns is-layout-flex wp-container-core-columns-is-layout-1 wp-block-columns-is-layout-flex\">\r\n<div class=\"wp-block-column is-layout-flow wp-block-column-is-layout-flow\">\r\n<div class=\"wp-block-image\">\r\n<figure class=\"alignleft\"><img loading=\"lazy\" decoding=\"async\" width=\"516\" height=\"290\" class=\"wp-image-291\" src=\"http:\/\/compagniemarizibill.fr\/wp-content\/uploads\/2016\/02\/compagnie_compagnie-copie.png\" alt=\"compagnie_compagnie copie\" \/>\r\n<figcaption><br \/><strong>Francesca Testi<\/strong>\u00a0&#8211; Actor, puppeteer, puppet creator<br \/><a href=\"https:\/\/www.instagram.com\/francesca.puppets\/\" target=\"_blank\" rel=\"noopener noreferrer\"><img loading=\"lazy\" decoding=\"async\" class=\"alignnone wp-image-1164\" src=\"http:\/\/compagniemarizibill.fr\/wp-content\/uploads\/2020\/04\/instagram-icon-50.png\" alt=\"\" width=\"35\" height=\"35\" \/><\/a><br \/><br \/>Francesca\u2019s theater career began at age 14 in Italy. She became passionate about troupe work, especially the way it encouraged experimentation, commitment and versatility in its members. She seized the opportunity to try her hand at all the different aspects of putting on a play. Soon, she was building sets and designing costumes for various companies.<br \/><br \/>Once in France, she continued acting, but most importantly, it was there she discovered puppeteering. She first trained in puppet building with Ava Petrova, puppeteer from Prague, then at the NEF in Pantin with Carole Allemand and Pascale Blaison. At the CFPTS in Bagnolet in 2003, she created her own company, <strong>L\u2019Atelier des Marionnettes<\/strong>, that produced original puppet shows for very young audiences, using improvisation with puppets she designed and built herself. At the same time, she began an artistic collaboration with the Th\u00e9\u00e2tre du Shabano as puppeteer and puppet designer.<br \/><br \/>In 2006, she and Cyrille Louge founded the <strong>Company Marizibill<\/strong>. She designs and builds the puppets for all of the company\u2019s productions.<br \/><br \/>In addition, Francesca has created puppets for a number of other plays:<br \/><br \/><a href=\"http:\/\/www.theatre-paris-villette.fr\/spectacle\/lombre-de-baleine\/\" target=\"_blank\" rel=\"noreferrer noopener\"><em><strong>The Shadow of the Whale<\/strong><\/em><\/a> by Mikael Chirinian (Th\u00e9\u00e2tre Paris-Villette, 2017)<br \/>Paname Pilotis : <em><strong><a href=\"http:\/\/www.panamepilotis.com\/les-yeux-de-taqqi\" target=\"_blank\" rel=\"noreferrer noopener\">Taqqi&#8217;s Eyes<\/a>\u00a0<\/strong> <\/em>(2017)<br \/>Les muettes bavardes : <strong><em><a href=\"https:\/\/www.lesmuettesbavardes.com\/les-trois-brigands\" target=\"_blank\" rel=\"noreferrer noopener\">The Three Robbers<\/a> <\/em><\/strong>(2016)<br \/>A Kan La D\u00e9riv\u2019 : <a href=\"http:\/\/akanladeriv.wixsite.com\/akanladeriv\/ce-besoin-daller-voir-ailleurs\" target=\"_blank\" rel=\"noreferrer noopener\"><em><strong>Ce besoin d\u2019aller voir ailleurs, il doit bien venir de quelque part<\/strong><\/em><\/a>\u00a0 (2016)<br \/>Ladgy Prod : <a href=\"https:\/\/www.theatre-paris-villette.fr\/spectacle\/loup-voulait-etre-mouton\/\" target=\"_blank\" rel=\"noreferrer noopener\"><strong><em>The wolf who wanted to be a sheep<\/em><\/strong><\/a> (2016) <br \/><br \/><\/figcaption>\r\n<\/figure>\r\n<\/div>\r\n\r\n\r\n\r\n<p>&nbsp;<\/p>\r\n<\/div>\r\n\r\n\r\n\r\n<div class=\"wp-block-column is-layout-flow wp-block-column-is-layout-flow\">\r\n<div class=\"wp-block-image\">\r\n<figure class=\"alignright\"><img loading=\"lazy\" decoding=\"async\" width=\"517\" height=\"291\" class=\"wp-image-58\" src=\"http:\/\/compagniemarizibill.fr\/wp-content\/uploads\/2016\/02\/base_cyrille.jpg\" alt=\"base_cyrille\" \/>\r\n<figcaption><br \/><strong>Cyrille Louge<\/strong> &#8211; Director<br \/><br \/><br \/>After his film studies, Cyrille Louge first trained as an actor and puppeteer. He then devoted himself to directing with a focus on contemporary texts and the intimate conversation with the unconscious. He seeks to explore the infinite spaces of the mind, with an eye to what is subjective and felt, to the sudden emergence of dreams and what has been suppressed. In 2006, he founded the <strong>Company Marizibill<\/strong>.<br \/><br \/>In 2012, he also founded the <strong><a href=\"https:\/\/www.facebook.com\/CollectifTraumA\/\" target=\"_blank\" rel=\"noreferrer noopener\">Collectif TraumA<\/a><\/strong>, an artists\u2019 collective that devotes itself to the exploration of dreams and their translation to the stage with an emphasis on experimentation through improvisation. The collective\u2019s first production, <strong><em>(Pas) toute nue\u00a0!<\/em><\/strong>, brought to life a dream-like version loosely adapted from Feydeau\u2019s classic play <strong><em>Mais n&#8217;te prom\u00e8ne donc pas toute nue !<\/em><\/strong> (<strong><em>Don\u2019t run around naked, dear!<\/em><\/strong> \u2013 not translated into English). TraumA\u2019s version, created in October 2014, highlights the runaway madness of the protagonist.<br \/><br \/>Beside his work with Marizibill, Cyrille has adapted and directed <a href=\"https:\/\/www.theatre-paris-villette.fr\/spectacle\/loup-voulait-etre-mouton\/\" target=\"_blank\" rel=\"noreferrer noopener\"><strong><em>The wolf who wanted to be a sheep<\/em><\/strong><\/a>, from Mario Ramo&#8217;s classic book, and co-written and directed <strong><em><a href=\"http:\/\/www.cie-minutepapillon.com\/spectacles\/tout-neuf\" target=\"_blank\" rel=\"noreferrer noopener\">Tout neuf<\/a><\/em><\/strong> (2016), an opera for children.<br \/><br \/>In 2018, he directed <strong><em>L&#8217;Odyssion<\/em><\/strong>, a <strong>short-film<\/strong> with the Collectif TraumA&#8217;s actors. <br \/><br \/><br \/><\/figcaption>\r\n<\/figure>\r\n<\/div>\r\n<\/div>\r\n<\/div>\r\n\r\n\r\n\r\n<div class=\"wp-block-columns is-layout-flex wp-container-core-columns-is-layout-2 wp-block-columns-is-layout-flex\">\r\n<div class=\"wp-block-column is-layout-flow wp-block-column-is-layout-flow\">\u00a0<\/div>\r\n\r\n\r\n\r\n<div class=\"wp-block-column is-layout-flow wp-block-column-is-layout-flow\">\u00a0<\/div>\r\n<\/div>\r\n\r\n\r\n\r\n<p>&nbsp;<\/p>\r\n","protected":false},"excerpt":{"rendered":"<p>&nbsp; &nbsp; \u00a0 \u00a0 &nbsp;<\/p>\n","protected":false},"author":2,"featured_media":0,"parent":0,"menu_order":0,"comment_status":"closed","ping_status":"closed","template":"","meta":{"footnotes":""},"class_list":["post-1107","page","type-page","status-publish","hentry"],"yoast_head":"<!-- This site is optimized with the Yoast SEO plugin v24.3 - https:\/\/yoast.com\/wordpress\/plugins\/seo\/ -->\n<title>the company - Compagnie Marizibill<\/title>\n<meta name=\"robots\" content=\"index, follow, max-snippet:-1, max-image-preview:large, max-video-preview:-1\" \/>\n<link rel=\"canonical\" href=\"https:\/\/compagniemarizibill.fr\/en\/the-company\/\" \/>\n<meta property=\"og:locale\" content=\"en_US\" \/>\n<meta property=\"og:type\" content=\"article\" \/>\n<meta property=\"og:title\" content=\"the company - Compagnie Marizibill\" \/>\n<meta property=\"og:description\" content=\"&nbsp; &nbsp; \u00a0 \u00a0 &nbsp;\" \/>\n<meta property=\"og:url\" content=\"https:\/\/compagniemarizibill.fr\/en\/the-company\/\" \/>\n<meta property=\"og:site_name\" content=\"Compagnie Marizibill\" \/>\n<meta property=\"article:publisher\" content=\"https:\/\/www.facebook.com\/CompagnieMarizibill\" \/>\n<meta property=\"article:modified_time\" content=\"2020-04-30T10:18:34+00:00\" \/>\n<meta property=\"og:image\" content=\"http:\/\/compagniemarizibill.fr\/wp-content\/uploads\/2016\/02\/compagnie_compagnie.png\" \/>\n<meta name=\"twitter:card\" content=\"summary_large_image\" \/>\n<meta name=\"twitter:label1\" content=\"Est. reading time\" \/>\n\t<meta name=\"twitter:data1\" content=\"3 minutes\" \/>\n<script type=\"application\/ld+json\" class=\"yoast-schema-graph\">{\"@context\":\"https:\/\/schema.org\",\"@graph\":[{\"@type\":\"WebPage\",\"@id\":\"https:\/\/compagniemarizibill.fr\/en\/the-company\/\",\"url\":\"https:\/\/compagniemarizibill.fr\/en\/the-company\/\",\"name\":\"the company - Compagnie Marizibill\",\"isPartOf\":{\"@id\":\"https:\/\/compagniemarizibill.fr\/en\/#website\"},\"primaryImageOfPage\":{\"@id\":\"https:\/\/compagniemarizibill.fr\/en\/the-company\/#primaryimage\"},\"image\":{\"@id\":\"https:\/\/compagniemarizibill.fr\/en\/the-company\/#primaryimage\"},\"thumbnailUrl\":\"http:\/\/compagniemarizibill.fr\/wp-content\/uploads\/2016\/02\/compagnie_compagnie.png\",\"datePublished\":\"2020-04-28T16:08:48+00:00\",\"dateModified\":\"2020-04-30T10:18:34+00:00\",\"inLanguage\":\"en-US\",\"potentialAction\":[{\"@type\":\"ReadAction\",\"target\":[\"https:\/\/compagniemarizibill.fr\/en\/the-company\/\"]}]},{\"@type\":\"ImageObject\",\"inLanguage\":\"en-US\",\"@id\":\"https:\/\/compagniemarizibill.fr\/en\/the-company\/#primaryimage\",\"url\":\"http:\/\/compagniemarizibill.fr\/wp-content\/uploads\/2016\/02\/compagnie_compagnie.png\",\"contentUrl\":\"http:\/\/compagniemarizibill.fr\/wp-content\/uploads\/2016\/02\/compagnie_compagnie.png\"},{\"@type\":\"WebSite\",\"@id\":\"https:\/\/compagniemarizibill.fr\/en\/#website\",\"url\":\"https:\/\/compagniemarizibill.fr\/en\/\",\"name\":\"Compagnie Marizibill\",\"description\":\"Compagnie th\u00e9\u00e2trale, spectacles pour tous les \u00e2ges, dirig\u00e9e par Cyrille Louge\",\"potentialAction\":[{\"@type\":\"SearchAction\",\"target\":{\"@type\":\"EntryPoint\",\"urlTemplate\":\"https:\/\/compagniemarizibill.fr\/en\/?s={search_term_string}\"},\"query-input\":{\"@type\":\"PropertyValueSpecification\",\"valueRequired\":true,\"valueName\":\"search_term_string\"}}],\"inLanguage\":\"en-US\"}]}<\/script>\n<!-- \/ Yoast SEO plugin. -->","yoast_head_json":{"title":"the company - Compagnie Marizibill","robots":{"index":"index","follow":"follow","max-snippet":"max-snippet:-1","max-image-preview":"max-image-preview:large","max-video-preview":"max-video-preview:-1"},"canonical":"https:\/\/compagniemarizibill.fr\/en\/the-company\/","og_locale":"en_US","og_type":"article","og_title":"the company - Compagnie Marizibill","og_description":"&nbsp; &nbsp; \u00a0 \u00a0 &nbsp;","og_url":"https:\/\/compagniemarizibill.fr\/en\/the-company\/","og_site_name":"Compagnie Marizibill","article_publisher":"https:\/\/www.facebook.com\/CompagnieMarizibill","article_modified_time":"2020-04-30T10:18:34+00:00","og_image":[{"url":"http:\/\/compagniemarizibill.fr\/wp-content\/uploads\/2016\/02\/compagnie_compagnie.png","type":"","width":"","height":""}],"twitter_card":"summary_large_image","twitter_misc":{"Est. reading time":"3 minutes"},"schema":{"@context":"https:\/\/schema.org","@graph":[{"@type":"WebPage","@id":"https:\/\/compagniemarizibill.fr\/en\/the-company\/","url":"https:\/\/compagniemarizibill.fr\/en\/the-company\/","name":"the company - Compagnie Marizibill","isPartOf":{"@id":"https:\/\/compagniemarizibill.fr\/en\/#website"},"primaryImageOfPage":{"@id":"https:\/\/compagniemarizibill.fr\/en\/the-company\/#primaryimage"},"image":{"@id":"https:\/\/compagniemarizibill.fr\/en\/the-company\/#primaryimage"},"thumbnailUrl":"http:\/\/compagniemarizibill.fr\/wp-content\/uploads\/2016\/02\/compagnie_compagnie.png","datePublished":"2020-04-28T16:08:48+00:00","dateModified":"2020-04-30T10:18:34+00:00","inLanguage":"en-US","potentialAction":[{"@type":"ReadAction","target":["https:\/\/compagniemarizibill.fr\/en\/the-company\/"]}]},{"@type":"ImageObject","inLanguage":"en-US","@id":"https:\/\/compagniemarizibill.fr\/en\/the-company\/#primaryimage","url":"http:\/\/compagniemarizibill.fr\/wp-content\/uploads\/2016\/02\/compagnie_compagnie.png","contentUrl":"http:\/\/compagniemarizibill.fr\/wp-content\/uploads\/2016\/02\/compagnie_compagnie.png"},{"@type":"WebSite","@id":"https:\/\/compagniemarizibill.fr\/en\/#website","url":"https:\/\/compagniemarizibill.fr\/en\/","name":"Compagnie Marizibill","description":"Compagnie th\u00e9\u00e2trale, spectacles pour tous les \u00e2ges, dirig\u00e9e par Cyrille Louge","potentialAction":[{"@type":"SearchAction","target":{"@type":"EntryPoint","urlTemplate":"https:\/\/compagniemarizibill.fr\/en\/?s={search_term_string}"},"query-input":{"@type":"PropertyValueSpecification","valueRequired":true,"valueName":"search_term_string"}}],"inLanguage":"en-US"}]}},"_links":{"self":[{"href":"https:\/\/compagniemarizibill.fr\/en\/wp-json\/wp\/v2\/pages\/1107","targetHints":{"allow":["GET"]}}],"collection":[{"href":"https:\/\/compagniemarizibill.fr\/en\/wp-json\/wp\/v2\/pages"}],"about":[{"href":"https:\/\/compagniemarizibill.fr\/en\/wp-json\/wp\/v2\/types\/page"}],"author":[{"embeddable":true,"href":"https:\/\/compagniemarizibill.fr\/en\/wp-json\/wp\/v2\/users\/2"}],"replies":[{"embeddable":true,"href":"https:\/\/compagniemarizibill.fr\/en\/wp-json\/wp\/v2\/comments?post=1107"}],"version-history":[{"count":12,"href":"https:\/\/compagniemarizibill.fr\/en\/wp-json\/wp\/v2\/pages\/1107\/revisions"}],"predecessor-version":[{"id":1177,"href":"https:\/\/compagniemarizibill.fr\/en\/wp-json\/wp\/v2\/pages\/1107\/revisions\/1177"}],"wp:attachment":[{"href":"https:\/\/compagniemarizibill.fr\/en\/wp-json\/wp\/v2\/media?parent=1107"}],"curies":[{"name":"wp","href":"https:\/\/api.w.org\/{rel}","templated":true}]}}